{"id":3729,"date":"2019-07-02T01:07:56","date_gmt":"2019-07-02T04:07:56","guid":{"rendered":"https:\/\/someh.com.br\/en\/?page_id=3729"},"modified":"2021-02-05T01:12:57","modified_gmt":"2021-02-05T04:12:57","slug":"quem-somos","status":"publish","type":"page","link":"https:\/\/someh.com.br\/en\/quem-somos\/","title":{"rendered":"QUEM SOMOS"},"content":{"rendered":"\t\t<div data-elementor-type=\"wp-post\" data-elementor-id=\"3729\" class=\"elementor elementor-3729\">\n\t\t\t\t\t\t<section class=\"elementor-section elementor-top-section elementor-element elementor-element-66b983f5 elementor-section-boxed elementor-section-height-default elementor-section-height-default\" data-id=\"66b983f5\" data-element_type=\"section\" data-e-type=\"section\" data-settings=\"{&quot;background_background&quot;:&quot;classic&quot;}\">\n\t\t\t\t\t\t<div class=\"elementor-container elementor-column-gap-default\">\n\t\t\t\t\t<div class=\"elementor-column elementor-col-50 elementor-top-column elementor-element elementor-element-741e2487\" data-id=\"741e2487\" data-element_type=\"column\" data-e-type=\"column\">\n\t\t\t<div class=\"elementor-widget-wrap\">\n\t\t\t\t\t\t\t<\/div>\n\t\t<\/div>\n\t\t\t\t<div class=\"elementor-column elementor-col-50 elementor-top-column elementor-element elementor-element-711159b0\" data-id=\"711159b0\" data-element_type=\"column\" data-e-type=\"column\">\n\t\t\t<div class=\"elementor-widget-wrap elementor-element-populated\">\n\t\t\t\t\t\t<div class=\"elementor-element elementor-element-6c13430b elementor-align-center elementor-widget elementor-widget-button\" data-id=\"6c13430b\" data-element_type=\"widget\" data-e-type=\"widget\" data-widget_type=\"button.default\">\n\t\t\t\t<div class=\"elementor-widget-container\">\n\t\t\t\t\t\t\t\t\t<div class=\"elementor-button-wrapper\">\n\t\t\t\t\t<a class=\"elementor-button elementor-button-link elementor-size-sm\" href=\"\/fale-conosco\/\">\n\t\t\t\t\t\t<span class=\"elementor-button-content-wrapper\">\n\t\t\t\t\t\t\t\t\t<span class=\"elementor-button-text\">SOLICITE COTA\u00c7\u00c3O<\/span>\n\t\t\t\t\t<\/span>\n\t\t\t\t\t<\/a>\n\t\t\t\t<\/div>\n\t\t\t\t\t\t\t\t<\/div>\n\t\t\t\t<\/div>\n\t\t\t\t\t<\/div>\n\t\t<\/div>\n\t\t\t\t\t<\/div>\n\t\t<\/section>\n\t\t\t\t<section class=\"elementor-section elementor-top-section elementor-element elementor-element-b598a97 elementor-section-boxed elementor-section-height-default elementor-section-height-default\" data-id=\"b598a97\" data-element_type=\"section\" data-e-type=\"section\">\n\t\t\t\t\t\t<div class=\"elementor-container elementor-column-gap-default\">\n\t\t\t\t\t<div class=\"elementor-column elementor-col-100 elementor-top-column elementor-element elementor-element-32e0227\" data-id=\"32e0227\" data-element_type=\"column\" data-e-type=\"column\">\n\t\t\t<div class=\"elementor-widget-wrap elementor-element-populated\">\n\t\t\t\t\t\t<div class=\"elementor-element elementor-element-e658a8c elementor-widget elementor-widget-spacer\" data-id=\"e658a8c\" data-element_type=\"widget\" data-e-type=\"widget\" data-widget_type=\"spacer.default\">\n\t\t\t\t<div class=\"elementor-widget-container\">\n\t\t\t\t\t\t\t<div class=\"elementor-spacer\">\n\t\t\t<div class=\"elementor-spacer-inner\"><\/div>\n\t\t<\/div>\n\t\t\t\t\t\t<\/div>\n\t\t\t\t<\/div>\n\t\t\t\t\t<\/div>\n\t\t<\/div>\n\t\t\t\t\t<\/div>\n\t\t<\/section>\n\t\t\t\t<section class=\"elementor-section elementor-top-section elementor-element elementor-element-9c5fc45 elementor-section-boxed elementor-section-height-default elementor-section-height-default\" data-id=\"9c5fc45\" data-element_type=\"section\" data-e-type=\"section\">\n\t\t\t\t\t\t<div class=\"elementor-container elementor-column-gap-default\">\n\t\t\t\t\t<div class=\"elementor-column elementor-col-33 elementor-top-column elementor-element elementor-element-b53352f\" data-id=\"b53352f\" data-element_type=\"column\" data-e-type=\"column\">\n\t\t\t<div class=\"elementor-widget-wrap elementor-element-populated\">\n\t\t\t\t\t\t<div class=\"elementor-element elementor-element-7b57055 elementor-widget elementor-widget-image\" data-id=\"7b57055\" data-element_type=\"widget\" data-e-type=\"widget\" data-widget_type=\"image.default\">\n\t\t\t\t<div class=\"elementor-widget-container\">\n\t\t\t\t\t\t\t\t\t\t\t\t\t\t\t<img fetchpriority=\"high\" decoding=\"async\" width=\"368\" height=\"272\" src=\"https:\/\/someh.com.br\/en\/wp-content\/uploads\/2019\/07\/Imagem22-300x221-1.png\" class=\"attachment-large size-large wp-image-3733\" alt=\"Someh Engenharia - Rua Ibirama, 70 Sagua\u00e7u \u2013 Joinville \u2013 SC - Equipamentos para Testes de Produtos\" srcset=\"https:\/\/someh.com.br\/en\/wp-content\/uploads\/2019\/07\/Imagem22-300x221-1.png 368w, https:\/\/someh.com.br\/en\/wp-content\/uploads\/2019\/07\/Imagem22-300x221-1-300x222.png 300w\" sizes=\"(max-width: 368px) 100vw, 368px\" \/>\t\t\t\t\t\t\t\t\t\t\t\t\t\t\t<\/div>\n\t\t\t\t<\/div>\n\t\t\t\t\t<\/div>\n\t\t<\/div>\n\t\t\t\t<div class=\"elementor-column elementor-col-66 elementor-top-column elementor-element elementor-element-043651c\" data-id=\"043651c\" data-element_type=\"column\" data-e-type=\"column\">\n\t\t\t<div class=\"elementor-widget-wrap elementor-element-populated\">\n\t\t\t\t\t\t<div class=\"elementor-element elementor-element-e0ec7b3 elementor-widget elementor-widget-text-editor\" data-id=\"e0ec7b3\" data-element_type=\"widget\" data-e-type=\"widget\" data-widget_type=\"text-editor.default\">\n\t\t\t\t<div class=\"elementor-widget-container\">\n\t\t\t\t\t\t\t\t\t<h1 class=\"text-uppercase\"><strong><span style=\"color: #586474; font-family: 'Raleway', sans-serif;\"><span class=\"color_red\" style=\"color: #f69f4a;\">SOMEH<\/span> Projects, Products e Services<\/span><\/strong><\/h1>\t\t\t\t\t\t\t\t<\/div>\n\t\t\t\t<\/div>\n\t\t\t\t<div class=\"elementor-element elementor-element-b3f66f5 elementor-widget elementor-widget-text-editor\" data-id=\"b3f66f5\" data-element_type=\"widget\" data-e-type=\"widget\" data-widget_type=\"text-editor.default\">\n\t\t\t\t<div class=\"elementor-widget-container\">\n\t\t\t\t\t\t\t\t\t<p>SOMEH specializes in the development and manufacture of:<\/p><ul><li><strong>Machines and Industrial Automation<\/strong><\/li><li><strong>Devices for Product Certification and Testing (Laboratories)<\/strong><\/li><\/ul><p>We supply to various sectors such as mechanical, plastic, electrical, automotive, testing laboratories, among others. We are committed to developing and offering innovative solutions to the market, adapting technologies to exceed the expectations of our customers and partners.<\/p>\t\t\t\t\t\t\t\t<\/div>\n\t\t\t\t<\/div>\n\t\t\t\t\t<\/div>\n\t\t<\/div>\n\t\t\t\t\t<\/div>\n\t\t<\/section>\n\t\t\t\t<section class=\"elementor-section elementor-top-section elementor-element elementor-element-00ea380 elementor-section-boxed elementor-section-height-default elementor-section-height-default\" data-id=\"00ea380\" data-element_type=\"section\" data-e-type=\"section\" data-settings=\"{&quot;background_background&quot;:&quot;classic&quot;}\">\n\t\t\t\t\t\t\t<div class=\"elementor-background-overlay\"><\/div>\n\t\t\t\t\t\t\t<div class=\"elementor-container elementor-column-gap-default\">\n\t\t\t\t\t<div class=\"elementor-column elementor-col-100 elementor-top-column elementor-element elementor-element-77d7496\" data-id=\"77d7496\" data-element_type=\"column\" data-e-type=\"column\">\n\t\t\t<div class=\"elementor-widget-wrap elementor-element-populated\">\n\t\t\t\t\t\t<div class=\"elementor-element elementor-element-082c59e elementor-widget elementor-widget-text-editor\" data-id=\"082c59e\" data-element_type=\"widget\" data-e-type=\"widget\" data-widget_type=\"text-editor.default\">\n\t\t\t\t<div class=\"elementor-widget-container\">\n\t\t\t\t\t\t\t\t\t<p style=\"text-align: center;\">If your company needs any equipment related to these segments, contact us, as we will be happy to be able to present a project that meets your need.<\/p>\t\t\t\t\t\t\t\t<\/div>\n\t\t\t\t<\/div>\n\t\t\t\t\t<\/div>\n\t\t<\/div>\n\t\t\t\t\t<\/div>\n\t\t<\/section>\n\t\t\t\t<section class=\"elementor-section elementor-top-section elementor-element elementor-element-69c7a22 elementor-section-boxed elementor-section-height-default elementor-section-height-default\" data-id=\"69c7a22\" data-element_type=\"section\" data-e-type=\"section\">\n\t\t\t\t\t\t<div class=\"elementor-container elementor-column-gap-default\">\n\t\t\t\t\t<div class=\"elementor-column elementor-col-100 elementor-top-column elementor-element elementor-element-ec2d37d\" data-id=\"ec2d37d\" data-element_type=\"column\" data-e-type=\"column\">\n\t\t\t<div class=\"elementor-widget-wrap elementor-element-populated\">\n\t\t\t\t\t\t<div class=\"elementor-element elementor-element-01d07d0 elementor-widget elementor-widget-spacer\" data-id=\"01d07d0\" data-element_type=\"widget\" data-e-type=\"widget\" data-widget_type=\"spacer.default\">\n\t\t\t\t<div class=\"elementor-widget-container\">\n\t\t\t\t\t\t\t<div class=\"elementor-spacer\">\n\t\t\t<div class=\"elementor-spacer-inner\"><\/div>\n\t\t<\/div>\n\t\t\t\t\t\t<\/div>\n\t\t\t\t<\/div>\n\t\t\t\t\t<\/div>\n\t\t<\/div>\n\t\t\t\t\t<\/div>\n\t\t<\/section>\n\t\t\t\t<section class=\"elementor-section elementor-top-section elementor-element elementor-element-5346bad elementor-section-boxed elementor-section-height-default elementor-section-height-default\" data-id=\"5346bad\" data-element_type=\"section\" data-e-type=\"section\">\n\t\t\t\t\t\t<div class=\"elementor-container elementor-column-gap-default\">\n\t\t\t\t\t<div class=\"elementor-column elementor-col-33 elementor-top-column elementor-element elementor-element-2b8272d\" data-id=\"2b8272d\" data-element_type=\"column\" data-e-type=\"column\">\n\t\t\t<div class=\"elementor-widget-wrap elementor-element-populated\">\n\t\t\t\t\t\t<div class=\"elementor-element elementor-element-0b27c30 elementor-widget elementor-widget-image\" data-id=\"0b27c30\" data-element_type=\"widget\" data-e-type=\"widget\" data-widget_type=\"image.default\">\n\t\t\t\t<div class=\"elementor-widget-container\">\n\t\t\t\t\t\t\t\t\t\t\t\t\t\t\t<img decoding=\"async\" src=\"https:\/\/someh.com.br\/en\/wp-content\/uploads\/2019\/07\/icone-missao.png\" title=\"icone-missao\" alt=\"icone-missao\" loading=\"lazy\" \/>\t\t\t\t\t\t\t\t\t\t\t\t\t\t\t<\/div>\n\t\t\t\t<\/div>\n\t\t\t\t<div class=\"elementor-element elementor-element-e9c0e01 elementor-widget elementor-widget-heading\" data-id=\"e9c0e01\" data-element_type=\"widget\" data-e-type=\"widget\" data-widget_type=\"heading.default\">\n\t\t\t\t<div class=\"elementor-widget-container\">\n\t\t\t\t\t<h2 class=\"elementor-heading-title elementor-size-default\">MISSION<\/h2>\t\t\t\t<\/div>\n\t\t\t\t<\/div>\n\t\t\t\t<div class=\"elementor-element elementor-element-1aaa38d elementor-widget elementor-widget-text-editor\" data-id=\"1aaa38d\" data-element_type=\"widget\" data-e-type=\"widget\" data-widget_type=\"text-editor.default\">\n\t\t\t\t<div class=\"elementor-widget-container\">\n\t\t\t\t\t\t\t\t\t<p style=\"text-align: center;\">Deliver the best solution to our customer, with the understanding that our product guarantees the physical integrity of people.<\/p>\t\t\t\t\t\t\t\t<\/div>\n\t\t\t\t<\/div>\n\t\t\t\t\t<\/div>\n\t\t<\/div>\n\t\t\t\t<div class=\"elementor-column elementor-col-33 elementor-top-column elementor-element elementor-element-7092d77\" data-id=\"7092d77\" data-element_type=\"column\" data-e-type=\"column\">\n\t\t\t<div class=\"elementor-widget-wrap elementor-element-populated\">\n\t\t\t\t\t\t<div class=\"elementor-element elementor-element-60ae45b elementor-widget elementor-widget-image\" data-id=\"60ae45b\" data-element_type=\"widget\" data-e-type=\"widget\" data-widget_type=\"image.default\">\n\t\t\t\t<div class=\"elementor-widget-container\">\n\t\t\t\t\t\t\t\t\t\t\t\t\t\t\t<img decoding=\"async\" src=\"https:\/\/someh.com.br\/en\/wp-content\/uploads\/2019\/07\/icone-visao.png\" title=\"icone-visao\" alt=\"icone-visao\" loading=\"lazy\" \/>\t\t\t\t\t\t\t\t\t\t\t\t\t\t\t<\/div>\n\t\t\t\t<\/div>\n\t\t\t\t<div class=\"elementor-element elementor-element-3660d84 elementor-widget elementor-widget-heading\" data-id=\"3660d84\" data-element_type=\"widget\" data-e-type=\"widget\" data-widget_type=\"heading.default\">\n\t\t\t\t<div class=\"elementor-widget-container\">\n\t\t\t\t\t<h2 class=\"elementor-heading-title elementor-size-default\">VISION<\/h2>\t\t\t\t<\/div>\n\t\t\t\t<\/div>\n\t\t\t\t<div class=\"elementor-element elementor-element-533a880 elementor-widget elementor-widget-text-editor\" data-id=\"533a880\" data-element_type=\"widget\" data-e-type=\"widget\" data-widget_type=\"text-editor.default\">\n\t\t\t\t<div class=\"elementor-widget-container\">\n\t\t\t\t\t\t\t\t\t<p style=\"text-align: center;\">Our growth is based on the good results obtained by our customers and the quality of life of our employees.<\/p>\t\t\t\t\t\t\t\t<\/div>\n\t\t\t\t<\/div>\n\t\t\t\t\t<\/div>\n\t\t<\/div>\n\t\t\t\t<div class=\"elementor-column elementor-col-33 elementor-top-column elementor-element elementor-element-1d4aa61\" data-id=\"1d4aa61\" data-element_type=\"column\" data-e-type=\"column\">\n\t\t\t<div class=\"elementor-widget-wrap elementor-element-populated\">\n\t\t\t\t\t\t<div class=\"elementor-element elementor-element-0b94f2a elementor-widget elementor-widget-image\" data-id=\"0b94f2a\" data-element_type=\"widget\" data-e-type=\"widget\" data-widget_type=\"image.default\">\n\t\t\t\t<div class=\"elementor-widget-container\">\n\t\t\t\t\t\t\t\t\t\t\t\t\t\t\t<img decoding=\"async\" src=\"https:\/\/someh.com.br\/en\/wp-content\/uploads\/2019\/07\/icone-valores.png\" title=\"icone-valores\" alt=\"icone-valores\" loading=\"lazy\" \/>\t\t\t\t\t\t\t\t\t\t\t\t\t\t\t<\/div>\n\t\t\t\t<\/div>\n\t\t\t\t<div class=\"elementor-element elementor-element-8535ab2 elementor-widget elementor-widget-heading\" data-id=\"8535ab2\" data-element_type=\"widget\" data-e-type=\"widget\" data-widget_type=\"heading.default\">\n\t\t\t\t<div class=\"elementor-widget-container\">\n\t\t\t\t\t<h2 class=\"elementor-heading-title elementor-size-default\">VALUES<\/h2>\t\t\t\t<\/div>\n\t\t\t\t<\/div>\n\t\t\t\t<div class=\"elementor-element elementor-element-65762bd elementor-widget elementor-widget-text-editor\" data-id=\"65762bd\" data-element_type=\"widget\" data-e-type=\"widget\" data-widget_type=\"text-editor.default\">\n\t\t\t\t<div class=\"elementor-widget-container\">\n\t\t\t\t\t\t\t\t\t<p style=\"text-align: center;\">Integrity, Commitment, Human Valorization, Overcoming Results, Continuous improvement, Innovation and Sustainability.<\/p>\t\t\t\t\t\t\t\t<\/div>\n\t\t\t\t<\/div>\n\t\t\t\t\t<\/div>\n\t\t<\/div>\n\t\t\t\t\t<\/div>\n\t\t<\/section>\n\t\t\t\t<section class=\"elementor-section elementor-top-section elementor-element elementor-element-e228ab7 elementor-section-boxed elementor-section-height-default elementor-section-height-default\" data-id=\"e228ab7\" data-element_type=\"section\" data-e-type=\"section\">\n\t\t\t\t\t\t<div class=\"elementor-container elementor-column-gap-default\">\n\t\t\t\t\t<div class=\"elementor-column elementor-col-100 elementor-top-column elementor-element elementor-element-309405c\" data-id=\"309405c\" data-element_type=\"column\" data-e-type=\"column\">\n\t\t\t<div class=\"elementor-widget-wrap elementor-element-populated\">\n\t\t\t\t\t\t<div class=\"elementor-element elementor-element-ed1a227 elementor-widget elementor-widget-spacer\" data-id=\"ed1a227\" data-element_type=\"widget\" data-e-type=\"widget\" data-widget_type=\"spacer.default\">\n\t\t\t\t<div class=\"elementor-widget-container\">\n\t\t\t\t\t\t\t<div class=\"elementor-spacer\">\n\t\t\t<div class=\"elementor-spacer-inner\"><\/div>\n\t\t<\/div>\n\t\t\t\t\t\t<\/div>\n\t\t\t\t<\/div>\n\t\t\t\t\t<\/div>\n\t\t<\/div>\n\t\t\t\t\t<\/div>\n\t\t<\/section>\n\t\t\t\t<\/div>\n\t\t","protected":false},"excerpt":{"rendered":"<p>SOLICITE COTA\u00c7\u00c3O SOMEH Projects, Products e Services SOMEH specializes in the development and manufacture of: Machines and Industrial Automation Devices for Product Certification and Testing (Laboratories) We supply to various sectors such as mechanical, plastic, electrical, automotive, testing laboratories, among others. We are committed to developing and offering innovative solutions to the market, adapting technologies &hellip;<\/p>\n<p class=\"read-more\"> <a class=\"\" href=\"https:\/\/someh.com.br\/en\/quem-somos\/\"> <span class=\"screen-reader-text\">QUEM SOMOS<\/span> Leia mais \u00bb<\/a><\/p>\n","protected":false},"author":3,"featured_media":0,"parent":0,"menu_order":0,"comment_status":"closed","ping_status":"closed","template":"","meta":{"_exactmetrics_skip_tracking":false,"_exactmetrics_sitenote_active":false,"_exactmetrics_sitenote_note":"","_exactmetrics_sitenote_category":0,"_monsterinsights_skip_tracking":false,"_monsterinsights_sitenote_active":false,"_monsterinsights_sitenote_note":"","_monsterinsights_sitenote_category":0,"site-sidebar-layout":"no-sidebar","site-content-layout":"page-builder","ast-global-header-display":"","ast-main-header-display":"","ast-hfb-above-header-display":"","ast-hfb-below-header-display":"","ast-hfb-mobile-header-display":"","site-post-title":"disabled","ast-breadcrumbs-content":"","ast-featured-img":"disabled","footer-sml-layout":"","theme-transparent-header-meta":"default","adv-header-id-meta":"","stick-header-meta":"default","header-above-stick-meta":"","header-main-stick-meta":"","header-below-stick-meta":"","ngg_post_thumbnail":0,"_joinchat":[],"footnotes":""},"class_list":["post-3729","page","type-page","status-publish","hentry"],"yoast_head":"<!-- This site is optimized with the Yoast SEO plugin v27.2 - https:\/\/yoast.com\/product\/yoast-seo-wordpress\/ -->\n<title>QUEM SOMOS | Someh Projetos, Produtos e Servi\u00e7os<\/title>\n<meta name=\"description\" content=\"SOLICITE COTA\u00c7\u00c3O SOMEH Projects, Products e ServicesSOMEH specializes in the development and manufacture of:Machines and Industrial AutomationDevices for\" \/>\n<meta name=\"robots\" content=\"index, follow, max-snippet:-1, max-image-preview:large, max-video-preview:-1\" \/>\n<link rel=\"canonical\" href=\"https:\/\/someh.com.br\/en\/quem-somos\/\" \/>\n<meta property=\"og:locale\" content=\"pt_BR\" \/>\n<meta property=\"og:type\" content=\"article\" \/>\n<meta property=\"og:title\" content=\"QUEM SOMOS | Someh Projetos, Produtos e Servi\u00e7os\" \/>\n<meta property=\"og:description\" content=\"SOLICITE COTA\u00c7\u00c3O SOMEH Projects, Products e ServicesSOMEH specializes in the development and manufacture of:Machines and Industrial AutomationDevices for\" \/>\n<meta property=\"og:url\" content=\"https:\/\/someh.com.br\/en\/quem-somos\/\" \/>\n<meta property=\"og:site_name\" content=\"Someh Projetos, Produtos e Servi\u00e7os\" \/>\n<meta property=\"article:publisher\" content=\"https:\/\/www.facebook.com\/somehengenharia\/\" \/>\n<meta property=\"article:modified_time\" content=\"2021-02-05T04:12:57+00:00\" \/>\n<meta property=\"og:image\" content=\"https:\/\/someh.com.br\/en\/wp-content\/uploads\/2019\/07\/Imagem22-300x221-1.png\" \/>\n<meta name=\"twitter:card\" content=\"summary_large_image\" \/>\n<meta name=\"twitter:label1\" content=\"Est. tempo de leitura\" \/>\n\t<meta name=\"twitter:data1\" content=\"1 minuto\" \/>\n<script type=\"application\/ld+json\" class=\"yoast-schema-graph\">{\"@context\":\"https:\/\/schema.org\",\"@graph\":[{\"@type\":\"WebPage\",\"@id\":\"https:\/\/someh.com.br\/en\/quem-somos\/\",\"url\":\"https:\/\/someh.com.br\/en\/quem-somos\/\",\"name\":\"QUEM SOMOS | Someh Projetos, Produtos e Servi\u00e7os\",\"isPartOf\":{\"@id\":\"https:\/\/someh.com.br\/en\/#website\"},\"primaryImageOfPage\":{\"@id\":\"https:\/\/someh.com.br\/en\/quem-somos\/#primaryimage\"},\"image\":{\"@id\":\"https:\/\/someh.com.br\/en\/quem-somos\/#primaryimage\"},\"thumbnailUrl\":\"https:\/\/someh.com.br\/en\/wp-content\/uploads\/2019\/07\/Imagem22-300x221-1.png\",\"datePublished\":\"2019-07-02T04:07:56+00:00\",\"dateModified\":\"2021-02-05T04:12:57+00:00\",\"description\":\"SOLICITE COTA\u00c7\u00c3O SOMEH Projects, Products e ServicesSOMEH specializes in the development and manufacture of:Machines and Industrial AutomationDevices for\",\"breadcrumb\":{\"@id\":\"https:\/\/someh.com.br\/en\/quem-somos\/#breadcrumb\"},\"inLanguage\":\"pt-BR\",\"potentialAction\":[{\"@type\":\"ReadAction\",\"target\":[\"https:\/\/someh.com.br\/en\/quem-somos\/\"]}]},{\"@type\":\"ImageObject\",\"inLanguage\":\"pt-BR\",\"@id\":\"https:\/\/someh.com.br\/en\/quem-somos\/#primaryimage\",\"url\":\"https:\/\/someh.com.br\/en\/wp-content\/uploads\/2019\/07\/Imagem22-300x221-1.png\",\"contentUrl\":\"https:\/\/someh.com.br\/en\/wp-content\/uploads\/2019\/07\/Imagem22-300x221-1.png\",\"width\":368,\"height\":272,\"caption\":\"Someh Engenharia - Rua Ibirama, 70 Sagua\u00e7u \u2013 Joinville \u2013 SC - Equipamentos para Testes de Produtos\"},{\"@type\":\"BreadcrumbList\",\"@id\":\"https:\/\/someh.com.br\/en\/quem-somos\/#breadcrumb\",\"itemListElement\":[{\"@type\":\"ListItem\",\"position\":1,\"name\":\"Home\",\"item\":\"https:\/\/someh.com.br\/en\/\"},{\"@type\":\"ListItem\",\"position\":2,\"name\":\"QUEM SOMOS\"}]},{\"@type\":\"WebSite\",\"@id\":\"https:\/\/someh.com.br\/en\/#website\",\"url\":\"https:\/\/someh.com.br\/en\/\",\"name\":\"Someh Projetos, Produtos e Servi\u00e7os\",\"description\":\"Equipamentos para Teste de Produtos\",\"publisher\":{\"@id\":\"https:\/\/someh.com.br\/en\/#organization\"},\"potentialAction\":[{\"@type\":\"SearchAction\",\"target\":{\"@type\":\"EntryPoint\",\"urlTemplate\":\"https:\/\/someh.com.br\/en\/?s={search_term_string}\"},\"query-input\":{\"@type\":\"PropertyValueSpecification\",\"valueRequired\":true,\"valueName\":\"search_term_string\"}}],\"inLanguage\":\"pt-BR\"},{\"@type\":\"Organization\",\"@id\":\"https:\/\/someh.com.br\/en\/#organization\",\"name\":\"Someh Engenharia - Dispositivos para Certifica\u00e7\u00e3o e Equipamentos para Teste de Produtos\",\"url\":\"https:\/\/someh.com.br\/en\/\",\"logo\":{\"@type\":\"ImageObject\",\"inLanguage\":\"pt-BR\",\"@id\":\"https:\/\/someh.com.br\/en\/#\/schema\/logo\/image\/\",\"url\":\"https:\/\/someh.com.br\/en\/wp-content\/uploads\/2017\/07\/marca3.jpg\",\"contentUrl\":\"https:\/\/someh.com.br\/en\/wp-content\/uploads\/2017\/07\/marca3.jpg\",\"width\":1717,\"height\":616,\"caption\":\"Someh Engenharia - Dispositivos para Certifica\u00e7\u00e3o e Equipamentos para Teste de Produtos\"},\"image\":{\"@id\":\"https:\/\/someh.com.br\/en\/#\/schema\/logo\/image\/\"},\"sameAs\":[\"https:\/\/www.facebook.com\/somehengenharia\/\",\"https:\/\/www.linkedin.com\/in\/someh-engenharia-85428942\/\"]}]}<\/script>\n<!-- \/ Yoast SEO plugin. -->","yoast_head_json":{"title":"QUEM SOMOS | Someh Projetos, Produtos e Servi\u00e7os","description":"SOLICITE COTA\u00c7\u00c3O SOMEH Projects, Products e ServicesSOMEH specializes in the development and manufacture of:Machines and Industrial AutomationDevices for","robots":{"index":"index","follow":"follow","max-snippet":"max-snippet:-1","max-image-preview":"max-image-preview:large","max-video-preview":"max-video-preview:-1"},"canonical":"https:\/\/someh.com.br\/en\/quem-somos\/","og_locale":"pt_BR","og_type":"article","og_title":"QUEM SOMOS | Someh Projetos, Produtos e Servi\u00e7os","og_description":"SOLICITE COTA\u00c7\u00c3O SOMEH Projects, Products e ServicesSOMEH specializes in the development and manufacture of:Machines and Industrial AutomationDevices for","og_url":"https:\/\/someh.com.br\/en\/quem-somos\/","og_site_name":"Someh Projetos, Produtos e Servi\u00e7os","article_publisher":"https:\/\/www.facebook.com\/somehengenharia\/","article_modified_time":"2021-02-05T04:12:57+00:00","og_image":[{"url":"https:\/\/someh.com.br\/en\/wp-content\/uploads\/2019\/07\/Imagem22-300x221-1.png","type":"","width":"","height":""}],"twitter_card":"summary_large_image","twitter_misc":{"Est. tempo de leitura":"1 minuto"},"schema":{"@context":"https:\/\/schema.org","@graph":[{"@type":"WebPage","@id":"https:\/\/someh.com.br\/en\/quem-somos\/","url":"https:\/\/someh.com.br\/en\/quem-somos\/","name":"QUEM SOMOS | Someh Projetos, Produtos e Servi\u00e7os","isPartOf":{"@id":"https:\/\/someh.com.br\/en\/#website"},"primaryImageOfPage":{"@id":"https:\/\/someh.com.br\/en\/quem-somos\/#primaryimage"},"image":{"@id":"https:\/\/someh.com.br\/en\/quem-somos\/#primaryimage"},"thumbnailUrl":"https:\/\/someh.com.br\/en\/wp-content\/uploads\/2019\/07\/Imagem22-300x221-1.png","datePublished":"2019-07-02T04:07:56+00:00","dateModified":"2021-02-05T04:12:57+00:00","description":"SOLICITE COTA\u00c7\u00c3O SOMEH Projects, Products e ServicesSOMEH specializes in the development and manufacture of:Machines and Industrial AutomationDevices for","breadcrumb":{"@id":"https:\/\/someh.com.br\/en\/quem-somos\/#breadcrumb"},"inLanguage":"pt-BR","potentialAction":[{"@type":"ReadAction","target":["https:\/\/someh.com.br\/en\/quem-somos\/"]}]},{"@type":"ImageObject","inLanguage":"pt-BR","@id":"https:\/\/someh.com.br\/en\/quem-somos\/#primaryimage","url":"https:\/\/someh.com.br\/en\/wp-content\/uploads\/2019\/07\/Imagem22-300x221-1.png","contentUrl":"https:\/\/someh.com.br\/en\/wp-content\/uploads\/2019\/07\/Imagem22-300x221-1.png","width":368,"height":272,"caption":"Someh Engenharia - Rua Ibirama, 70 Sagua\u00e7u \u2013 Joinville \u2013 SC - Equipamentos para Testes de Produtos"},{"@type":"BreadcrumbList","@id":"https:\/\/someh.com.br\/en\/quem-somos\/#breadcrumb","itemListElement":[{"@type":"ListItem","position":1,"name":"Home","item":"https:\/\/someh.com.br\/en\/"},{"@type":"ListItem","position":2,"name":"QUEM SOMOS"}]},{"@type":"WebSite","@id":"https:\/\/someh.com.br\/en\/#website","url":"https:\/\/someh.com.br\/en\/","name":"Someh Projetos, Produtos e Servi\u00e7os","description":"Equipamentos para Teste de Produtos","publisher":{"@id":"https:\/\/someh.com.br\/en\/#organization"},"potentialAction":[{"@type":"SearchAction","target":{"@type":"EntryPoint","urlTemplate":"https:\/\/someh.com.br\/en\/?s={search_term_string}"},"query-input":{"@type":"PropertyValueSpecification","valueRequired":true,"valueName":"search_term_string"}}],"inLanguage":"pt-BR"},{"@type":"Organization","@id":"https:\/\/someh.com.br\/en\/#organization","name":"Someh Engenharia - Dispositivos para Certifica\u00e7\u00e3o e Equipamentos para Teste de Produtos","url":"https:\/\/someh.com.br\/en\/","logo":{"@type":"ImageObject","inLanguage":"pt-BR","@id":"https:\/\/someh.com.br\/en\/#\/schema\/logo\/image\/","url":"https:\/\/someh.com.br\/en\/wp-content\/uploads\/2017\/07\/marca3.jpg","contentUrl":"https:\/\/someh.com.br\/en\/wp-content\/uploads\/2017\/07\/marca3.jpg","width":1717,"height":616,"caption":"Someh Engenharia - Dispositivos para Certifica\u00e7\u00e3o e Equipamentos para Teste de Produtos"},"image":{"@id":"https:\/\/someh.com.br\/en\/#\/schema\/logo\/image\/"},"sameAs":["https:\/\/www.facebook.com\/somehengenharia\/","https:\/\/www.linkedin.com\/in\/someh-engenharia-85428942\/"]}]}},"_links":{"self":[{"href":"https:\/\/someh.com.br\/en\/wp-json\/wp\/v2\/pages\/3729","targetHints":{"allow":["GET"]}}],"collection":[{"href":"https:\/\/someh.com.br\/en\/wp-json\/wp\/v2\/pages"}],"about":[{"href":"https:\/\/someh.com.br\/en\/wp-json\/wp\/v2\/types\/page"}],"author":[{"embeddable":true,"href":"https:\/\/someh.com.br\/en\/wp-json\/wp\/v2\/users\/3"}],"replies":[{"embeddable":true,"href":"https:\/\/someh.com.br\/en\/wp-json\/wp\/v2\/comments?post=3729"}],"version-history":[{"count":23,"href":"https:\/\/someh.com.br\/en\/wp-json\/wp\/v2\/pages\/3729\/revisions"}],"predecessor-version":[{"id":11852,"href":"https:\/\/someh.com.br\/en\/wp-json\/wp\/v2\/pages\/3729\/revisions\/11852"}],"wp:attachment":[{"href":"https:\/\/someh.com.br\/en\/wp-json\/wp\/v2\/media?parent=3729"}],"curies":[{"name":"wp","href":"https:\/\/api.w.org\/{rel}","templated":true}]}}